{"id":181242,"date":"2021-04-02T14:18:17","date_gmt":"2021-04-02T12:18:17","guid":{"rendered":"https:\/\/www.ruffetassocies.fr\/informazioni-legali-crediti\/"},"modified":"2023-10-23T09:53:24","modified_gmt":"2023-10-23T07:53:24","slug":"informazioni-legali-crediti","status":"publish","type":"page","link":"https:\/\/www.ruffetassocies.fr\/it\/informazioni-legali-crediti\/","title":{"rendered":"INFORMAZIONI LEGALI &#8211; CREDITI"},"content":{"rendered":"\n<p><\/p>\n\n<p><strong>Nome del sito:<\/strong> RUFF &amp; ASSOCIES &#8211; www.ruffetassocies.fr<\/p>\n\n<p><strong>Indirizzo postale:<\/strong> 4 rue du Docteur Bar\u00e9ty &#8211; 06000 NIZZA<\/p>\n\n<p><strong>Telefono:<\/strong> +33 (0)4 93 87 01 08<\/p>\n\n<p><strong>Prodotto da:<\/strong> INCLUDERS &#8211; <a href=\"https:\/\/www.includers.fr\/\">https:\/\/www.includers.fr\/<\/a><\/p>\n\n<p><strong>Sede :<\/strong> PG3 &#8211; 3, place Mass\u00e9na 06000 Nizza<\/p>\n\n<p><\/p>\n\n<h2 class=\"wp-block-heading\"><strong>INFORMAZIONI PERSONALI<\/strong><\/h2>\n\n<p>Le informazioni raccolte dal sito www.ruffetassocies.fr, in particolare attraverso i moduli di contatto, sono destinate esclusivamente a Ruff &amp; Associ\u00e9s. Non saranno in alcun caso trasmessi a terzi.<\/p>\n\n<p>Ai sensi della legge francese sulla protezione dei dati personali del 6 gennaio 1978, modificata nel 2004, avete il diritto di accedere, modificare, rettificare e cancellare i dati che vi riguardano.<\/p>\n\n<p>Potete anche, per motivi legittimi, opporvi al trattamento dei vostri dati.<\/p>\n\n<p>Per esercitare questo diritto, si prega di contattarci via e-mail all&#8217;indirizzo info@ruffetassocies.com o per posta al seguente indirizzo: 4 rue du Docteur Bar\u00e9ty &#8211; 06000 NICE.<\/p>\n\n<p><\/p>\n\n<h2 class=\"wp-block-heading\"><strong>COPYRIGHT &#8211; DROIT D&#8217;AUTEUR<\/strong><\/h2>\n\n<p>L&#8217;intero sito \u00e8 soggetto alla legislazione francese e internazionale sul diritto d&#8217;autore e sulla propriet\u00e0 intellettuale. Tutti i diritti di riproduzione sono riservati, anche per quanto riguarda i documenti scaricabili e le rappresentazioni iconografiche e fotografiche. La riproduzione totale o parziale di questo sito su qualsiasi supporto cartaceo, elettronico o di altro tipo \u00e8 severamente vietata senza l&#8217;espressa autorizzazione di Cabinet Ruff &amp; Associ\u00e9s.<\/p>\n\n<p><\/p>\n\n<h2 class=\"wp-block-heading\"><strong>UTILIZZO DEL SITO WEB<\/strong><\/h2>\n\n<p>Le informazioni contenute nel sito www.ruffetassocies.fr non possono in nessun caso essere assimilate alla fornitura di servizi o consigli da parte dei suoi autori o editori. Non possono sostituire la consultazione di una persona professionalmente competente.<\/p>\n\n<p>Pur avendo adottato ogni ragionevole cura per garantire l&#8217;affidabilit\u00e0 delle informazioni contenute in questo sito, Ruff &amp; Associ\u00e9s non pu\u00f2 assumersi alcuna responsabilit\u00e0 per eventuali errori o omissioni, n\u00e9 per i risultati che possono essere ottenuti dall&#8217;uso di tali informazioni.<\/p>\n\n<p>Ci riserviamo il diritto di modificare o interrompere il funzionamento del sito web a nostra discrezione e senza preavviso.<\/p>\n\n<p><\/p>\n\n<h2 class=\"wp-block-heading\"><strong>CREDITO FOTOGRAFICO :<\/strong><\/h2>\n\n<p>Heney &#8211; <a href=\"http:\/\/www.heney.fr\">www.heney.fr<\/a><\/p>\n\n<p>Envato &#8211; <a href=\"https:\/\/elements.envato.com\/fr\/\">https:\/\/elements.envato.com\/fr\/<\/a>   <\/p>\n\n<p><\/p>\n\n<h2 class=\"wp-block-heading\"><strong>Conformit\u00e0 dei reindirizzamenti a siti esterni<\/strong><\/h2>\n\n<p>Area &#8221; <a href=\"https:\/\/ruffetassocies.mon-expert-en-gestion.fr\/cas\/login?service=https%3A%2F%2Fruffetassocies.mon-expert-en-gestion.fr%2Fportail%2Flogin%2Fcas\">Il mio esperto di gestione <\/a>&#8221; &#8211; <a href=\"https:\/\/utilisateurs.mon-expert-en-gestion.fr\/politique-de-protection-des-donnees-caractere-personnel-dcp-0\">conforme a RGPD<\/a><\/p>\n\n<p><a href=\"http:\/\/portail.intranetruff.com\/\">Centro clienti <\/a>&#8211; <a href=\"https:\/\/www.netexplorer.fr\/conformite-rgpd\">conforme al RGPD<\/a><\/p>\n\n<p>Spazio <a href=\"http:\/\/rh.intranetruff.com\/debut.aspx\">HR <\/a>&#8211; <a href=\"https:\/\/www.silaexpert.fr\/securite-des-donnees\">conforme alla RGPD<\/a><\/p>\n\n<p><\/p>\n","protected":false},"excerpt":{"rendered":"<p>Nome del sito: RUFF &amp; ASSOCIES &#8211; www.ruffetassocies.fr Indirizzo postale: 4 rue du Docteur Bar\u00e9ty &#8211; 06000 NIZZA Telefono: +33 (0)4 93 87 01 08 Prodotto da: INCLUDERS &#8211; https:\/\/www.includers.fr\/ Sede : PG3 &#8211; 3, place Mass\u00e9na 06000 Nizza INFORMAZIONI PERSONALI Le informazioni raccolte dal sito www.ruffetassocies.fr, in particolare attraverso i moduli di contatto, sono [&hellip;]<\/p>\n","protected":false},"author":20,"featured_media":0,"parent":0,"menu_order":0,"comment_status":"closed","ping_status":"closed","template":"","meta":{"_seopress_robots_primary_cat":"","_seopress_titles_title":"Informazioni legali - Ruff & Associ\u00e9s","_seopress_titles_desc":"Trova tutte le informazioni sulle note legali e i crediti del sito (copyright, conformit\u00e0, ecc.).","_seopress_robots_index":"","content-type":"","footnotes":""},"_links":{"self":[{"href":"https:\/\/www.ruffetassocies.fr\/it\/wp-json\/wp\/v2\/pages\/181242"}],"collection":[{"href":"https:\/\/www.ruffetassocies.fr\/it\/wp-json\/wp\/v2\/pages"}],"about":[{"href":"https:\/\/www.ruffetassocies.fr\/it\/wp-json\/wp\/v2\/types\/page"}],"author":[{"embeddable":true,"href":"https:\/\/www.ruffetassocies.fr\/it\/wp-json\/wp\/v2\/users\/20"}],"replies":[{"embeddable":true,"href":"https:\/\/www.ruffetassocies.fr\/it\/wp-json\/wp\/v2\/comments?post=181242"}],"version-history":[{"count":1,"href":"https:\/\/www.ruffetassocies.fr\/it\/wp-json\/wp\/v2\/pages\/181242\/revisions"}],"predecessor-version":[{"id":181243,"href":"https:\/\/www.ruffetassocies.fr\/it\/wp-json\/wp\/v2\/pages\/181242\/revisions\/181243"}],"wp:attachment":[{"href":"https:\/\/www.ruffetassocies.fr\/it\/wp-json\/wp\/v2\/media?parent=181242"}],"curies":[{"name":"wp","href":"https:\/\/api.w.org\/{rel}","templated":true}]}}