{"id":181246,"date":"2021-04-02T14:27:12","date_gmt":"2021-04-02T12:27:12","guid":{"rendered":"https:\/\/www.ruffetassocies.fr\/informativa-sulla-privacy-2\/"},"modified":"2023-10-23T09:54:13","modified_gmt":"2023-10-23T07:54:13","slug":"informativa-sulla-privacy-2","status":"publish","type":"page","link":"https:\/\/www.ruffetassocies.fr\/it\/informativa-sulla-privacy-2\/","title":{"rendered":"Informativa sulla privacy"},"content":{"rendered":"\n<p><\/p>\n\n<h2 class=\"wp-block-heading\"><strong>Introduzione<\/strong><\/h2>\n\n<p>Nell&#8217;ambito della sua attivit\u00e0, Cabinet Ruff &amp; Associ\u00e9s, la cui sede legale si trova al 4 rue du Docteur Barety 0600 NICE, raccoglie ed elabora informazioni, alcune delle quali sono definite &#8220;dati personali&#8221;. Ruff &amp; Associ\u00e9s attribuisce grande importanza al rispetto della privacy e utilizza i dati solo in modo responsabile e riservato e per uno scopo specifico.<\/p>\n\n<p><\/p>\n\n<h2 class=\"wp-block-heading\"><strong>Dati personali<\/strong><\/h2>\n\n<p>Il sito web www.ruffetassocies.fr raccoglie 2 tipi di dati:<\/p>\n\n<p><em>&#8211; Dati trasmessi direttamente<\/em><br\/>Questi dati sono quelli che ci inviate direttamente, tramite un modulo di contatto o un contatto diretto via e-mail. I campi &#8220;nome e cognome&#8221;, &#8220;indirizzo e-mail&#8221;, &#8220;codice postale&#8221;, &#8220;stato&#8221; e &#8220;oggetto&#8221; sono obbligatori nel modulo di contatto.<\/p>\n\n<p><em>&#8211; Dati raccolti automaticamente<\/em><br\/>Durante le vostre visite, una volta ottenuto il vostro consenso, potremmo raccogliere informazioni di tipo &#8220;web analytics&#8221; relative alla vostra navigazione, alla durata della vostra visita, al vostro indirizzo IP, al tipo e alla versione del vostro browser. La tecnologia utilizzata \u00e8 il cookie.<\/p>\n\n<p><\/p>\n\n<h2 class=\"wp-block-heading\"><strong>Utilizzo dei dati<\/strong><\/h2>\n\n<p>I dati che ci inviate direttamente saranno utilizzati per ricontattarvi e\/o in relazione alla vostra richiesta. I dati di &#8220;Web analytics&#8221; vengono raccolti in forma anonima (attraverso la registrazione di indirizzi IP anonimi) da Google Analytics e ci permettono di misurare l&#8217;audience del nostro sito web, le consultazioni e gli eventuali errori al fine di migliorare costantemente l&#8217;esperienza dell&#8217;utente. Questi dati sono utilizzati da Cabinet Ruff &amp; Associ\u00e9s, che \u00e8 responsabile del trattamento dei dati, e non saranno mai trasferiti a terzi o utilizzati per scopi diversi da quelli sopra descritti.<\/p>\n\n<p><\/p>\n\n<h2 class=\"wp-block-heading\"><strong>Conformit\u00e0 dei reindirizzamenti a siti esterni<\/strong><\/h2>\n\n<p>Area &#8221; <a href=\"https:\/\/ruffetassocies.mon-expert-en-gestion.fr\/cas\/login?service=https%3A%2F%2Fruffetassocies.mon-expert-en-gestion.fr%2Fportail%2Flogin%2Fcas\">Il mio esperto di gestione <\/a>&#8221; &#8211; <a href=\"https:\/\/utilisateurs.mon-expert-en-gestion.fr\/politique-de-protection-des-donnees-caractere-personnel-dcp-0\">conforme a RGPD<\/a><\/p>\n\n<p><a href=\"http:\/\/portail.intranetruff.com\/\">Centro clienti <\/a>&#8211; <a href=\"https:\/\/www.netexplorer.fr\/conformite-rgpd\">conforme al RGPD<\/a><\/p>\n\n<p>Spazio <a href=\"http:\/\/rh.intranetruff.com\/debut.aspx\">HR <\/a>&#8211; <a href=\"https:\/\/www.silaexpert.fr\/securite-des-donnees\">conforme alla RGPD<\/a><\/p>\n\n<p><\/p>\n\n<h2 class=\"wp-block-heading\"><strong>Base giuridica<\/strong><\/h2>\n\n<p>I dati personali vengono raccolti solo con il consenso obbligatorio dell&#8217;utente. Il consenso \u00e8 validamente ottenuto (pulsanti e caselle da spuntare), libero, chiaro e inequivocabile.<\/p>\n\n<p><\/p>\n\n<h2 class=\"wp-block-heading\"><strong>Durata di conservazione<\/strong><\/h2>\n\n<p>I dati saranno conservati per un massimo di 3 anni.<\/p>\n\n<p><\/p>\n\n<h2 class=\"wp-block-heading\"><strong>I vostri diritti in materia di dati personali<\/strong><\/h2>\n\n<p>Avete il diritto di consultare, modificare o cancellare tutti i vostri dati personali. Potete anche revocare il vostro consenso al trattamento dei dati.<\/p>\n\n<p><\/p>\n\n<h2 class=\"wp-block-heading\"><strong>Contatto per il responsabile della protezione dei dati<\/strong><\/h2>\n\n<p>Arnaud Ruff, Partner di Ruff &amp; Associ\u00e9s<\/p>\n\n<p>arnaud.ruff [@] ruffetassocies.com<\/p>\n\n<p><\/p>\n","protected":false},"excerpt":{"rendered":"<p>Introduzione Nell&#8217;ambito della sua attivit\u00e0, Cabinet Ruff &amp; Associ\u00e9s, la cui sede legale si trova al 4 rue du Docteur Barety 0600 NICE, raccoglie ed elabora informazioni, alcune delle quali sono definite &#8220;dati personali&#8221;. Ruff &amp; Associ\u00e9s attribuisce grande importanza al rispetto della privacy e utilizza i dati solo in modo responsabile e riservato e [&hellip;]<\/p>\n","protected":false},"author":20,"featured_media":0,"parent":0,"menu_order":0,"comment_status":"closed","ping_status":"closed","template":"","meta":{"_seopress_robots_primary_cat":"","_seopress_titles_title":"Informativa sulla privacy - Ruff & Associ\u00e9s ","_seopress_titles_desc":"Nel corso della sua attivit\u00e0, la nostra azienda raccoglie ed elabora una grande quantit\u00e0 di informazioni. Per saperne di pi\u00f9 sulla nostra politica sulla privacy.  ","_seopress_robots_index":"","content-type":"","footnotes":""},"_links":{"self":[{"href":"https:\/\/www.ruffetassocies.fr\/it\/wp-json\/wp\/v2\/pages\/181246"}],"collection":[{"href":"https:\/\/www.ruffetassocies.fr\/it\/wp-json\/wp\/v2\/pages"}],"about":[{"href":"https:\/\/www.ruffetassocies.fr\/it\/wp-json\/wp\/v2\/types\/page"}],"author":[{"embeddable":true,"href":"https:\/\/www.ruffetassocies.fr\/it\/wp-json\/wp\/v2\/users\/20"}],"replies":[{"embeddable":true,"href":"https:\/\/www.ruffetassocies.fr\/it\/wp-json\/wp\/v2\/comments?post=181246"}],"version-history":[{"count":1,"href":"https:\/\/www.ruffetassocies.fr\/it\/wp-json\/wp\/v2\/pages\/181246\/revisions"}],"predecessor-version":[{"id":181247,"href":"https:\/\/www.ruffetassocies.fr\/it\/wp-json\/wp\/v2\/pages\/181246\/revisions\/181247"}],"wp:attachment":[{"href":"https:\/\/www.ruffetassocies.fr\/it\/wp-json\/wp\/v2\/media?parent=181246"}],"curies":[{"name":"wp","href":"https:\/\/api.w.org\/{rel}","templated":true}]}}