{"id":181258,"date":"2023-03-29T11:43:17","date_gmt":"2023-03-29T09:43:17","guid":{"rendered":"https:\/\/www.ruffetassocies.fr\/saper-leggere-e-interpretare-uno-stato-patrimoniale\/"},"modified":"2023-10-23T09:57:53","modified_gmt":"2023-10-23T07:57:53","slug":"saper-leggere-e-interpretare-uno-stato-patrimoniale","status":"publish","type":"page","link":"https:\/\/www.ruffetassocies.fr\/it\/saper-leggere-e-interpretare-uno-stato-patrimoniale\/","title":{"rendered":"Saper leggere e interpretare uno stato patrimoniale"},"content":{"rendered":"\t\t<div data-elementor-type=\"wp-page\" data-elementor-id=\"181258\" class=\"elementor elementor-181258 elementor-177211\" data-elementor-post-type=\"page\">\n\t\t\t\t\t\t<section class=\"elementor-section elementor-top-section elementor-element elementor-element-51846416 elementor-section-height-min-height elementor-section-items-stretch elementor-section-content-bottom elementor-section-boxed elementor-section-height-default\" data-id=\"51846416\" data-element_type=\"section\" data-settings=\"{&quot;jet_parallax_layout_list&quot;:[{&quot;_id&quot;:&quot;db1bbfd&quot;,&quot;jet_parallax_layout_image&quot;:{&quot;url&quot;:&quot;&quot;,&quot;id&quot;:&quot;&quot;,&quot;size&quot;:&quot;&quot;},&quot;jet_parallax_layout_image_widescreen&quot;:{&quot;url&quot;:&quot;&quot;,&quot;id&quot;:&quot;&quot;,&quot;size&quot;:&quot;&quot;},&quot;jet_parallax_layout_image_tablet&quot;:{&quot;url&quot;:&quot;&quot;,&quot;id&quot;:&quot;&quot;,&quot;size&quot;:&quot;&quot;},&quot;jet_parallax_layout_image_mobile&quot;:{&quot;url&quot;:&quot;&quot;,&quot;id&quot;:&quot;&quot;,&quot;size&quot;:&quot;&quot;},&quot;jet_parallax_layout_speed&quot;:{&quot;unit&quot;:&quot;%&quot;,&quot;size&quot;:50,&quot;sizes&quot;:[]},&quot;jet_parallax_layout_type&quot;:&quot;scroll&quot;,&quot;jet_parallax_layout_direction&quot;:null,&quot;jet_parallax_layout_fx_direction&quot;:null,&quot;jet_parallax_layout_z_index&quot;:&quot;&quot;,&quot;jet_parallax_layout_bg_x&quot;:50,&quot;jet_parallax_layout_bg_x_widescreen&quot;:&quot;&quot;,&quot;jet_parallax_layout_bg_x_tablet&quot;:&quot;&quot;,&quot;jet_parallax_layout_bg_x_mobile&quot;:&quot;&quot;,&quot;jet_parallax_layout_bg_y&quot;:50,&quot;jet_parallax_layout_bg_y_widescreen&quot;:&quot;&quot;,&quot;jet_parallax_layout_bg_y_tablet&quot;:&quot;&quot;,&quot;jet_parallax_layout_bg_y_mobile&quot;:&quot;&quot;,&quot;jet_parallax_layout_bg_size&quot;:&quot;auto&quot;,&quot;jet_parallax_layout_bg_size_widescreen&quot;:&quot;&quot;,&quot;jet_parallax_layout_bg_size_tablet&quot;:&quot;&quot;,&quot;jet_parallax_layout_bg_size_mobile&quot;:&quot;&quot;,&quot;jet_parallax_layout_animation_prop&quot;:&quot;transform&quot;,&quot;jet_parallax_layout_on&quot;:[&quot;desktop&quot;,&quot;tablet&quot;]}],&quot;background_background&quot;:&quot;classic&quot;,&quot;shape_divider_bottom&quot;:&quot;triangle-asymmetrical&quot;}\">\n\t\t\t\t\t<div class=\"elementor-shape elementor-shape-bottom\" data-negative=\"false\">\n\t\t\t<svg xmlns=\"http:\/\/www.w3.org\/2000\/svg\" viewBox=\"0 0 1000 100\" preserveAspectRatio=\"none\">\n\t<path class=\"elementor-shape-fill\" d=\"M738,99l262-93V0H0v5.6L738,99z\"\/>\n<\/svg>\t\t<\/div>\n\t\t\t\t\t<div class=\"elementor-container elementor-column-gap-no\">\n\t\t\t\t\t<div class=\"elementor-column elementor-col-50 elementor-top-column elementor-element elementor-element-24f6389d\" data-id=\"24f6389d\" data-element_type=\"column\" data-settings=\"{&quot;background_background&quot;:&quot;classic&quot;}\">\n\t\t\t<div class=\"elementor-widget-wrap elementor-element-populated\">\n\t\t\t\t\t\t<div class=\"elementor-element elementor-element-16a92f4f elementor-invisible elementor-widget elementor-widget-heading\" data-id=\"16a92f4f\" data-element_type=\"widget\" data-settings=\"{&quot;_animation&quot;:&quot;fadeInLeft&quot;}\" data-widget_type=\"heading.default\">\n\t\t\t\t<div class=\"elementor-widget-container\">\n\t\t\t<h1 class=\"elementor-heading-title elementor-size-default\">Incontro informativo: come leggere e interpretare un bilancio<\/h1>\t\t<\/div>\n\t\t\t\t<\/div>\n\t\t\t\t<div class=\"elementor-element elementor-element-5516ab35 elementor-widget elementor-widget-heading\" data-id=\"5516ab35\" data-element_type=\"widget\" data-widget_type=\"heading.default\">\n\t\t\t\t<div class=\"elementor-widget-container\">\n\t\t\t<h6 class=\"elementor-heading-title elementor-size-default\">\n\nIl bilancio \u00e8 uno strumento di gestione essenziale, che fornisce una chiara panoramica delle attivit\u00e0 e della salute finanziaria di un'azienda. La sua analisi consente di prendere decisioni informate e fornisce informazioni preziose al management, ai creditori, agli azionisti e ai potenziali investitori o acquirenti.<\/h6>\t\t<\/div>\n\t\t\t\t<\/div>\n\t\t\t\t\t<\/div>\n\t\t<\/div>\n\t\t\t\t<div class=\"elementor-column elementor-col-50 elementor-top-column elementor-element elementor-element-275c4ba3\" data-id=\"275c4ba3\" data-element_type=\"column\" data-settings=\"{&quot;background_background&quot;:&quot;classic&quot;}\">\n\t\t\t<div class=\"elementor-widget-wrap elementor-element-populated\">\n\t\t\t\t\t\t<div class=\"elementor-element elementor-element-5e330888 elementor-widget elementor-widget-image\" data-id=\"5e330888\" data-element_type=\"widget\" data-widget_type=\"image.default\">\n\t\t\t\t<div class=\"elementor-widget-container\">\n\t\t\t\t\t\t\t\t\t\t\t\t\t<img fetchpriority=\"high\" decoding=\"async\" width=\"1080\" height=\"1080\" src=\"https:\/\/www.ruffetassocies.fr\/wp-content\/uploads\/2023\/07\/Banner-Square-5.png\" class=\"attachment-2048x2048 size-2048x2048 wp-image-177216\" alt=\"R\u00e9union d&#039;information l Savoir lire et interpr\u00e9ter un bilan avec R\u00e9gis Bufalini, Sophie Bruno et Jacques Annani\" srcset=\"https:\/\/www.ruffetassocies.fr\/wp-content\/uploads\/2023\/07\/Banner-Square-5.png 1080w, https:\/\/www.ruffetassocies.fr\/wp-content\/uploads\/2023\/07\/Banner-Square-5-300x300.png 300w, https:\/\/www.ruffetassocies.fr\/wp-content\/uploads\/2023\/07\/Banner-Square-5-1024x1024.png 1024w, https:\/\/www.ruffetassocies.fr\/wp-content\/uploads\/2023\/07\/Banner-Square-5-150x150.png 150w, https:\/\/www.ruffetassocies.fr\/wp-content\/uploads\/2023\/07\/Banner-Square-5-768x768.png 768w\" sizes=\"(max-width: 1080px) 100vw, 1080px\" \/>\t\t\t\t\t\t\t\t\t\t\t\t\t<\/div>\n\t\t\t\t<\/div>\n\t\t\t\t\t<\/div>\n\t\t<\/div>\n\t\t\t\t\t<\/div>\n\t\t<\/section>\n\t\t\t\t<section class=\"elementor-section elementor-top-section elementor-element elementor-element-5147d158 elementor-reverse-mobile elementor-section-boxed elementor-section-height-default elementor-section-height-default\" data-id=\"5147d158\" data-element_type=\"section\" data-settings=\"{&quot;jet_parallax_layout_list&quot;:[{&quot;_id&quot;:&quot;a6f6cb6&quot;,&quot;jet_parallax_layout_image&quot;:{&quot;url&quot;:&quot;&quot;,&quot;id&quot;:&quot;&quot;,&quot;size&quot;:&quot;&quot;},&quot;jet_parallax_layout_image_widescreen&quot;:{&quot;url&quot;:&quot;&quot;,&quot;id&quot;:&quot;&quot;,&quot;size&quot;:&quot;&quot;},&quot;jet_parallax_layout_image_tablet&quot;:{&quot;url&quot;:&quot;&quot;,&quot;id&quot;:&quot;&quot;,&quot;size&quot;:&quot;&quot;},&quot;jet_parallax_layout_image_mobile&quot;:{&quot;url&quot;:&quot;&quot;,&quot;id&quot;:&quot;&quot;,&quot;size&quot;:&quot;&quot;},&quot;jet_parallax_layout_speed&quot;:{&quot;unit&quot;:&quot;%&quot;,&quot;size&quot;:50,&quot;sizes&quot;:[]},&quot;jet_parallax_layout_type&quot;:&quot;scroll&quot;,&quot;jet_parallax_layout_direction&quot;:null,&quot;jet_parallax_layout_fx_direction&quot;:null,&quot;jet_parallax_layout_z_index&quot;:&quot;&quot;,&quot;jet_parallax_layout_bg_x&quot;:50,&quot;jet_parallax_layout_bg_x_widescreen&quot;:&quot;&quot;,&quot;jet_parallax_layout_bg_x_tablet&quot;:&quot;&quot;,&quot;jet_parallax_layout_bg_x_mobile&quot;:&quot;&quot;,&quot;jet_parallax_layout_bg_y&quot;:50,&quot;jet_parallax_layout_bg_y_widescreen&quot;:&quot;&quot;,&quot;jet_parallax_layout_bg_y_tablet&quot;:&quot;&quot;,&quot;jet_parallax_layout_bg_y_mobile&quot;:&quot;&quot;,&quot;jet_parallax_layout_bg_size&quot;:&quot;auto&quot;,&quot;jet_parallax_layout_bg_size_widescreen&quot;:&quot;&quot;,&quot;jet_parallax_layout_bg_size_tablet&quot;:&quot;&quot;,&quot;jet_parallax_layout_bg_size_mobile&quot;:&quot;&quot;,&quot;jet_parallax_layout_animation_prop&quot;:&quot;transform&quot;,&quot;jet_parallax_layout_on&quot;:[&quot;desktop&quot;,&quot;tablet&quot;]}],&quot;background_background&quot;:&quot;classic&quot;}\">\n\t\t\t\t\t\t<div class=\"elementor-container elementor-column-gap-default\">\n\t\t\t\t\t<div class=\"elementor-column elementor-col-100 elementor-top-column elementor-element elementor-element-28168ef3\" data-id=\"28168ef3\" data-element_type=\"column\" data-settings=\"{&quot;background_background&quot;:&quot;classic&quot;}\">\n\t\t\t<div class=\"elementor-widget-wrap elementor-element-populated\">\n\t\t\t\t\t\t<div class=\"elementor-element elementor-element-62ce3d4d elementor-widget elementor-widget-heading\" data-id=\"62ce3d4d\" data-element_type=\"widget\" data-widget_type=\"heading.default\">\n\t\t\t\t<div class=\"elementor-widget-container\">\n\t\t\t<h2 class=\"elementor-heading-title elementor-size-default\">Incontro informativo: come leggere e interpretare un bilancio<\/h2>\t\t<\/div>\n\t\t\t\t<\/div>\n\t\t\t\t<div class=\"elementor-element elementor-element-38758693 elementor-widget elementor-widget-heading\" data-id=\"38758693\" data-element_type=\"widget\" data-widget_type=\"heading.default\">\n\t\t\t\t<div class=\"elementor-widget-container\">\n\t\t\t<h2 class=\"elementor-heading-title elementor-size-default\"><br>Mercoled\u00ec 19 aprile 2023 | 18.00-20.00 (registrarsi utilizzando il modulo sottostante)<br><br><\/h2>\t\t<\/div>\n\t\t\t\t<\/div>\n\t\t\t\t<div class=\"elementor-element elementor-element-50c76a72 elementor-widget elementor-widget-text-editor\" data-id=\"50c76a72\" data-element_type=\"widget\" data-widget_type=\"text-editor.default\">\n\t\t\t\t<div class=\"elementor-widget-container\">\n\t\t\t\t\t\t\t<p><span style=\"font-family: Tahoma, sans-serif; color: #000000;\"><span style=\"font-weight: bold;\">RUFF &amp; ASSOCI\u00c9S<\/span>, societ\u00e0 di consulenza e contabilit\u00e0, \u00e8 lieta di invitarvi a un incontro informativo.  <span style=\"font-weight: bold;\">&#8220;Saper leggere e interpretare un bilancio&#8221;, <\/span><span style=\"font-weight: normal;\">mercoled\u00ec 19 aprile<\/span><span style=\"font-weight: bold;\"> a<\/span> <span style=\"font-weight: bold;\">Mouans-Sartoux <\/span>.<span style=\"font-weight: normal;\">Condotta<\/span> da R\u00e9gis BUFALINI e Jacques ANNANI, Dottori Commercialisti, e da Sophie BRUNO, Client Portfolio Manager, la presentazione sar\u00e0 seguita da una sessione di <span style=\"font-weight: normal;\">domande e risposte<\/span> e da un <span style=\"font-weight: bold;\">aperitivo conviviale<\/span> con i partecipanti.<\/span><\/p>\n\t\t\t\t\t\t<\/div>\n\t\t\t\t<\/div>\n\t\t\t\t<div class=\"elementor-element elementor-element-4266696d elementor-widget elementor-widget-text-editor\" data-id=\"4266696d\" data-element_type=\"widget\" data-widget_type=\"text-editor.default\">\n\t\t\t\t<div class=\"elementor-widget-container\">\n\t\t\t\t\t\t\t<p><span style=\"font-family: Tahoma, sans-serif; color: #000000;\">Gli argomenti trattati comprendono:<strong><br \/><\/strong><\/span><\/p>\n<ul>\n<li><span style=\"font-family: Tahoma, sans-serif; color: #000000;\"><strong>Comprendere il bilancio d&#8217;esercizio<\/strong>: stato patrimoniale, conto economico e nota integrativa<\/span><\/li>\n<li><span style=\"font-family: Tahoma, sans-serif; color: #000000;\"><strong>Lettura e analisi del<\/strong> conto economico: Bilanci intermedi di gestione<\/span><\/li>\n<li><span style=\"font-family: Tahoma, sans-serif; color: #000000;\"><strong>Lettura e analisi del bilancio<\/strong>: capitale circolante, WCR, flusso di cassa<\/span><\/li>\n<li><span style=\"font-family: Tahoma, sans-serif; color: #000000;\"><span style=\"font-family: Tahoma, sans-serif; color: #000000;\"><span style=\"font-family: Tahoma, sans-serif; color: #000000;\"><strong>Misurare la performance aziendale<\/strong>: gli indici dell&#8217;analisi finanziaria\n<p><\/span><\/span><\/span><\/li>\n<\/ul>\n\t\t\t\t\t\t<\/div>\n\t\t\t\t<\/div>\n\t\t\t\t<div class=\"elementor-element elementor-element-3c358bff elementor-widget elementor-widget-text-editor\" data-id=\"3c358bff\" data-element_type=\"widget\" data-widget_type=\"text-editor.default\">\n\t\t\t\t<div class=\"elementor-widget-container\">\n\t\t\t\t\t\t\t<p><strong>Data: mercoled\u00ec 19 aprile 2023 dalle 18.00 alle 20.00<\/strong><br \/><strong>Ubicazione: RUFF &amp; ASSOCI\u00c9S, 111 Rte de Tiragon, 06370 Mouans-Sartoux<\/strong><\/p>\n<p>Si tratta di un evento su invito, ma \u00e8 possibile portare un ospite.<br \/>Si prega di registrare ogni partecipante individualmente.<\/p>\n\t\t\t\t\t\t<\/div>\n\t\t\t\t<\/div>\n\t\t\t\t\t<\/div>\n\t\t<\/div>\n\t\t\t\t\t<\/div>\n\t\t<\/section>\n\t\t\t\t<section class=\"elementor-section elementor-top-section elementor-element elementor-element-eb902c6 elementor-section-boxed elementor-section-height-default elementor-section-height-default\" data-id=\"eb902c6\" data-element_type=\"section\" data-settings=\"{&quot;jet_parallax_layout_list&quot;:[]}\">\n\t\t\t\t\t\t<div class=\"elementor-container elementor-column-gap-default\">\n\t\t\t\t\t<div class=\"elementor-column elementor-col-100 elementor-top-column elementor-element elementor-element-32780d1b\" data-id=\"32780d1b\" data-element_type=\"column\">\n\t\t\t<div class=\"elementor-widget-wrap elementor-element-populated\">\n\t\t\t\t\t\t<div class=\"elementor-element elementor-element-75132ec9 elementor-widget elementor-widget-heading\" data-id=\"75132ec9\" data-element_type=\"widget\" data-widget_type=\"heading.default\">\n\t\t\t\t<div class=\"elementor-widget-container\">\n\t\t\t<h2 class=\"elementor-heading-title elementor-size-default\">Desidero iscrivermi utilizzando il modulo sottostante<\/h2>\t\t<\/div>\n\t\t\t\t<\/div>\n\t\t\t\t<div class=\"elementor-element elementor-element-2bbb3bfd elementor-widget elementor-widget-html\" data-id=\"2bbb3bfd\" data-element_type=\"widget\" data-widget_type=\"html.default\">\n\t\t\t\t<div class=\"elementor-widget-container\">\n\t\t\t<script charset=\"utf-8\" type=\"text\/javascript\" src=\"\/\/js.hsforms.net\/forms\/embed\/v2.js\"><\/script><script>hbspt.forms.create({\n    region: \"na1\",\n    portalId: \"9318309\",\n    formId: \"4611fc2c-fe49-4bfd-a76a-80a1c6a061d0\"\n  });\n<\/script>\t\t<\/div>\n\t\t\t\t<\/div>\n\t\t\t\t\t<\/div>\n\t\t<\/div>\n\t\t\t\t\t<\/div>\n\t\t<\/section>\n\t\t\t\t<section class=\"elementor-section elementor-top-section elementor-element elementor-element-610f91f6 elementor-section-full_width elementor-section-height-default elementor-section-height-default\" data-id=\"610f91f6\" data-element_type=\"section\" data-settings=\"{&quot;background_background&quot;:&quot;classic&quot;,&quot;jet_parallax_layout_list&quot;:[{&quot;_id&quot;:&quot;b2084c1&quot;,&quot;jet_parallax_layout_image&quot;:{&quot;url&quot;:&quot;&quot;,&quot;id&quot;:&quot;&quot;,&quot;size&quot;:&quot;&quot;},&quot;jet_parallax_layout_image_widescreen&quot;:{&quot;url&quot;:&quot;&quot;,&quot;id&quot;:&quot;&quot;,&quot;size&quot;:&quot;&quot;},&quot;jet_parallax_layout_image_tablet&quot;:{&quot;url&quot;:&quot;&quot;,&quot;id&quot;:&quot;&quot;,&quot;size&quot;:&quot;&quot;},&quot;jet_parallax_layout_image_mobile&quot;:{&quot;url&quot;:&quot;&quot;,&quot;id&quot;:&quot;&quot;,&quot;size&quot;:&quot;&quot;},&quot;jet_parallax_layout_speed&quot;:{&quot;unit&quot;:&quot;%&quot;,&quot;size&quot;:50,&quot;sizes&quot;:[]},&quot;jet_parallax_layout_type&quot;:&quot;scroll&quot;,&quot;jet_parallax_layout_direction&quot;:null,&quot;jet_parallax_layout_fx_direction&quot;:null,&quot;jet_parallax_layout_z_index&quot;:&quot;&quot;,&quot;jet_parallax_layout_bg_x&quot;:50,&quot;jet_parallax_layout_bg_x_widescreen&quot;:&quot;&quot;,&quot;jet_parallax_layout_bg_x_tablet&quot;:&quot;&quot;,&quot;jet_parallax_layout_bg_x_mobile&quot;:&quot;&quot;,&quot;jet_parallax_layout_bg_y&quot;:50,&quot;jet_parallax_layout_bg_y_widescreen&quot;:&quot;&quot;,&quot;jet_parallax_layout_bg_y_tablet&quot;:&quot;&quot;,&quot;jet_parallax_layout_bg_y_mobile&quot;:&quot;&quot;,&quot;jet_parallax_layout_bg_size&quot;:&quot;auto&quot;,&quot;jet_parallax_layout_bg_size_widescreen&quot;:&quot;&quot;,&quot;jet_parallax_layout_bg_size_tablet&quot;:&quot;&quot;,&quot;jet_parallax_layout_bg_size_mobile&quot;:&quot;&quot;,&quot;jet_parallax_layout_animation_prop&quot;:&quot;transform&quot;,&quot;jet_parallax_layout_on&quot;:[&quot;desktop&quot;,&quot;tablet&quot;]}]}\">\n\t\t\t\t\t\t\t<div class=\"elementor-background-overlay\"><\/div>\n\t\t\t\t\t\t\t<div class=\"elementor-container elementor-column-gap-default\">\n\t\t\t\t\t<div class=\"elementor-column elementor-col-100 elementor-top-column elementor-element elementor-element-16bff18e\" data-id=\"16bff18e\" data-element_type=\"column\">\n\t\t\t<div class=\"elementor-widget-wrap elementor-element-populated\">\n\t\t\t\t\t\t<div class=\"elementor-element elementor-element-766760ee elementor-widget elementor-widget-heading\" data-id=\"766760ee\" data-element_type=\"widget\" data-widget_type=\"heading.default\">\n\t\t\t\t<div class=\"elementor-widget-container\">\n\t\t\t<h2 class=\"elementor-heading-title elementor-size-default\">Avete un'esigenza particolare?<\/h2>\t\t<\/div>\n\t\t\t\t<\/div>\n\t\t\t\t<div class=\"elementor-element elementor-element-446dbd1c elementor-widget elementor-widget-text-editor\" data-id=\"446dbd1c\" data-element_type=\"widget\" data-widget_type=\"text-editor.default\">\n\t\t\t\t<div class=\"elementor-widget-container\">\n\t\t\t\t\t\t\t<p>Oltre alle competenze tradizionali, Ruff &amp; Associ\u00e9s ha sviluppato un&#8217;ampia gamma di competenze. L&#8217;evoluzione della professione di commercialista e la crescente concorrenza sul mercato non fanno che rafforzare la nostra necessit\u00e0 di eccellere e di imparare ogni giorno di pi\u00f9. E se portassimo avanti questa ricerca insieme? Discutiamo dei vostri desideri pi\u00f9 sfrenati e portiamoli a compimento. Sia in Francia che all&#8217;estero, il supporto della nostra rete di partner \u00e8 una risorsa innegabile per il successo dei vostri progetti.<\/p>\n\t\t\t\t\t\t<\/div>\n\t\t\t\t<\/div>\n\t\t\t\t<div class=\"elementor-element elementor-element-276080c3 elementor-align-center elementor-mobile-align-center elementor-widget elementor-widget-button\" data-id=\"276080c3\" data-element_type=\"widget\" data-widget_type=\"button.default\">\n\t\t\t\t<div class=\"elementor-widget-container\">\n\t\t\t\t\t<div class=\"elementor-button-wrapper\">\n\t\t\t<a class=\"elementor-button elementor-button-link elementor-size-sm\" href=\"https:\/\/www.ruffetassocies.fr\/contact\">\n\t\t\t\t\t\t<span class=\"elementor-button-content-wrapper\">\n\t\t\t\t\t\t\t\t\t<span class=\"elementor-button-text\">Contattateci<\/span>\n\t\t\t\t\t<\/span>\n\t\t\t\t\t<\/a>\n\t\t<\/div>\n\t\t\t\t<\/div>\n\t\t\t\t<\/div>\n\t\t\t\t\t<\/div>\n\t\t<\/div>\n\t\t\t\t\t<\/div>\n\t\t<\/section>\n\t\t\t\t<\/div>\n\t\t","protected":false},"excerpt":{"rendered":"<p>Incontro informativo: come leggere e interpretare un bilancio Il bilancio \u00e8 uno strumento di gestione essenziale, che fornisce una chiara panoramica delle attivit\u00e0 e della salute finanziaria di un&#8217;azienda. La sua analisi consente di prendere decisioni informate e fornisce informazioni preziose al management, ai creditori, agli azionisti e ai potenziali investitori o acquirenti. Incontro informativo: [&hellip;]<\/p>\n","protected":false},"author":16,"featured_media":180663,"parent":0,"menu_order":0,"comment_status":"closed","ping_status":"closed","template":"","meta":{"_seopress_robots_primary_cat":"","_seopress_titles_title":"Riunione informativa di Ruff & Associ\u00e9s: come leggere e interpretare un bilancio","_seopress_titles_desc":"RUFF & ASSOCI\u00c9S, societ\u00e0 di revisione contabile e di consulenza, \u00e8 lieta di invitarvi all'incontro informativo \"Come leggere e interpretare un bilancio\" che si terr\u00e0 mercoled\u00ec 19 aprile a Mouans-Sartoux.","_seopress_robots_index":"","content-type":"","footnotes":""},"_links":{"self":[{"href":"https:\/\/www.ruffetassocies.fr\/it\/wp-json\/wp\/v2\/pages\/181258"}],"collection":[{"href":"https:\/\/www.ruffetassocies.fr\/it\/wp-json\/wp\/v2\/pages"}],"about":[{"href":"https:\/\/www.ruffetassocies.fr\/it\/wp-json\/wp\/v2\/types\/page"}],"author":[{"embeddable":true,"href":"https:\/\/www.ruffetassocies.fr\/it\/wp-json\/wp\/v2\/users\/16"}],"replies":[{"embeddable":true,"href":"https:\/\/www.ruffetassocies.fr\/it\/wp-json\/wp\/v2\/comments?post=181258"}],"version-history":[{"count":1,"href":"https:\/\/www.ruffetassocies.fr\/it\/wp-json\/wp\/v2\/pages\/181258\/revisions"}],"predecessor-version":[{"id":181259,"href":"https:\/\/www.ruffetassocies.fr\/it\/wp-json\/wp\/v2\/pages\/181258\/revisions\/181259"}],"wp:featuredmedia":[{"embeddable":true,"href":"https:\/\/www.ruffetassocies.fr\/it\/wp-json\/wp\/v2\/media\/180663"}],"wp:attachment":[{"href":"https:\/\/www.ruffetassocies.fr\/it\/wp-json\/wp\/v2\/media?parent=181258"}],"curies":[{"name":"wp","href":"https:\/\/api.w.org\/{rel}","templated":true}]}}