{"id":181274,"date":"2023-03-20T09:46:54","date_gmt":"2023-03-20T08:46:54","guid":{"rendered":"https:\/\/www.ruffetassocies.fr\/webinar-su-incentivi-e-risparmi-per-i-dipendenti\/"},"modified":"2023-10-23T10:29:26","modified_gmt":"2023-10-23T08:29:26","slug":"webinar-su-incentivi-e-risparmi-per-i-dipendenti","status":"publish","type":"page","link":"https:\/\/www.ruffetassocies.fr\/it\/webinar-su-incentivi-e-risparmi-per-i-dipendenti\/","title":{"rendered":"Webinar su incentivi e risparmi per i dipendenti"},"content":{"rendered":"\t\t<div data-elementor-type=\"wp-page\" data-elementor-id=\"181274\" class=\"elementor elementor-181274 elementor-177056\" data-elementor-post-type=\"page\">\n\t\t\t\t\t\t<section class=\"elementor-section elementor-top-section elementor-element elementor-element-4ca09329 elementor-section-height-min-height elementor-section-items-stretch elementor-section-content-bottom elementor-section-boxed elementor-section-height-default\" data-id=\"4ca09329\" data-element_type=\"section\" data-settings=\"{&quot;jet_parallax_layout_list&quot;:[{&quot;_id&quot;:&quot;db1bbfd&quot;,&quot;jet_parallax_layout_image&quot;:{&quot;url&quot;:&quot;&quot;,&quot;id&quot;:&quot;&quot;,&quot;size&quot;:&quot;&quot;},&quot;jet_parallax_layout_image_widescreen&quot;:{&quot;url&quot;:&quot;&quot;,&quot;id&quot;:&quot;&quot;,&quot;size&quot;:&quot;&quot;},&quot;jet_parallax_layout_image_tablet&quot;:{&quot;url&quot;:&quot;&quot;,&quot;id&quot;:&quot;&quot;,&quot;size&quot;:&quot;&quot;},&quot;jet_parallax_layout_image_mobile&quot;:{&quot;url&quot;:&quot;&quot;,&quot;id&quot;:&quot;&quot;,&quot;size&quot;:&quot;&quot;},&quot;jet_parallax_layout_speed&quot;:{&quot;unit&quot;:&quot;%&quot;,&quot;size&quot;:50,&quot;sizes&quot;:[]},&quot;jet_parallax_layout_type&quot;:&quot;scroll&quot;,&quot;jet_parallax_layout_direction&quot;:null,&quot;jet_parallax_layout_fx_direction&quot;:null,&quot;jet_parallax_layout_z_index&quot;:&quot;&quot;,&quot;jet_parallax_layout_bg_x&quot;:50,&quot;jet_parallax_layout_bg_x_widescreen&quot;:&quot;&quot;,&quot;jet_parallax_layout_bg_x_tablet&quot;:&quot;&quot;,&quot;jet_parallax_layout_bg_x_mobile&quot;:&quot;&quot;,&quot;jet_parallax_layout_bg_y&quot;:50,&quot;jet_parallax_layout_bg_y_widescreen&quot;:&quot;&quot;,&quot;jet_parallax_layout_bg_y_tablet&quot;:&quot;&quot;,&quot;jet_parallax_layout_bg_y_mobile&quot;:&quot;&quot;,&quot;jet_parallax_layout_bg_size&quot;:&quot;auto&quot;,&quot;jet_parallax_layout_bg_size_widescreen&quot;:&quot;&quot;,&quot;jet_parallax_layout_bg_size_tablet&quot;:&quot;&quot;,&quot;jet_parallax_layout_bg_size_mobile&quot;:&quot;&quot;,&quot;jet_parallax_layout_animation_prop&quot;:&quot;transform&quot;,&quot;jet_parallax_layout_on&quot;:[&quot;desktop&quot;,&quot;tablet&quot;]}],&quot;background_background&quot;:&quot;classic&quot;,&quot;shape_divider_bottom&quot;:&quot;triangle-asymmetrical&quot;}\">\n\t\t\t\t\t<div class=\"elementor-shape elementor-shape-bottom\" data-negative=\"false\">\n\t\t\t<svg xmlns=\"http:\/\/www.w3.org\/2000\/svg\" viewBox=\"0 0 1000 100\" preserveAspectRatio=\"none\">\n\t<path class=\"elementor-shape-fill\" d=\"M738,99l262-93V0H0v5.6L738,99z\"\/>\n<\/svg>\t\t<\/div>\n\t\t\t\t\t<div class=\"elementor-container elementor-column-gap-no\">\n\t\t\t\t\t<div class=\"elementor-column elementor-col-50 elementor-top-column elementor-element elementor-element-91620c5\" data-id=\"91620c5\" data-element_type=\"column\" data-settings=\"{&quot;background_background&quot;:&quot;classic&quot;}\">\n\t\t\t<div class=\"elementor-widget-wrap elementor-element-populated\">\n\t\t\t\t\t\t<div class=\"elementor-element elementor-element-770ad899 elementor-invisible elementor-widget elementor-widget-heading\" data-id=\"770ad899\" data-element_type=\"widget\" data-settings=\"{&quot;_animation&quot;:&quot;fadeInLeft&quot;}\" data-widget_type=\"heading.default\">\n\t\t\t\t<div class=\"elementor-widget-container\">\n\t\t\t<h1 class=\"elementor-heading-title elementor-size-default\">Webinar - Risparmio dei dipendenti e partecipazione agli utili<\/h1>\t\t<\/div>\n\t\t\t\t<\/div>\n\t\t\t\t<div class=\"elementor-element elementor-element-53c295d4 elementor-widget elementor-widget-heading\" data-id=\"53c295d4\" data-element_type=\"widget\" data-widget_type=\"heading.default\">\n\t\t\t\t<div class=\"elementor-widget-container\">\n\t\t\t<h6 class=\"elementor-heading-title elementor-size-default\">I programmi di partecipazione agli utili e di risparmio dei dipendenti consentono di condividere gli utili e i risultati dell'azienda e di accumulare risparmi a medio o lungo termine.  \n\nOffrendo un'ampia gamma di vantaggi fiscali e previdenziali, questi programmi possono essere interessanti sia per i dipendenti che per le aziende, ma sono spesso complessi da attuare, soprattutto in termini di normative e di tassazione.  \n\n\u00c8 quindi importante comprendere appieno le norme applicabili per mettere in atto una strategia adeguata.<\/h6>\t\t<\/div>\n\t\t\t\t<\/div>\n\t\t\t\t\t<\/div>\n\t\t<\/div>\n\t\t\t\t<div class=\"elementor-column elementor-col-50 elementor-top-column elementor-element elementor-element-796a2f20\" data-id=\"796a2f20\" data-element_type=\"column\" data-settings=\"{&quot;background_background&quot;:&quot;classic&quot;}\">\n\t\t\t<div class=\"elementor-widget-wrap elementor-element-populated\">\n\t\t\t\t\t\t<div class=\"elementor-element elementor-element-44804eff elementor-widget elementor-widget-image\" data-id=\"44804eff\" data-element_type=\"widget\" data-widget_type=\"image.default\">\n\t\t\t\t<div class=\"elementor-widget-container\">\n\t\t\t\t\t\t\t\t\t\t\t\t\t<img fetchpriority=\"high\" decoding=\"async\" width=\"1500\" height=\"1500\" src=\"https:\/\/www.ruffetassocies.fr\/wp-content\/uploads\/2023\/07\/Banner-Webinaire-Interessement-PERCO-1-1.png\" class=\"attachment-2048x2048 size-2048x2048 wp-image-177062\" alt=\"Webinaire l \u00c9pargne salariale, int\u00e9ressement quelle strat\u00e9gie adopt\u00e9e ?\" srcset=\"https:\/\/www.ruffetassocies.fr\/wp-content\/uploads\/2023\/07\/Banner-Webinaire-Interessement-PERCO-1-1.png 1500w, https:\/\/www.ruffetassocies.fr\/wp-content\/uploads\/2023\/07\/Banner-Webinaire-Interessement-PERCO-1-1-300x300.png 300w, https:\/\/www.ruffetassocies.fr\/wp-content\/uploads\/2023\/07\/Banner-Webinaire-Interessement-PERCO-1-1-1024x1024.png 1024w, https:\/\/www.ruffetassocies.fr\/wp-content\/uploads\/2023\/07\/Banner-Webinaire-Interessement-PERCO-1-1-150x150.png 150w, https:\/\/www.ruffetassocies.fr\/wp-content\/uploads\/2023\/07\/Banner-Webinaire-Interessement-PERCO-1-1-768x768.png 768w\" sizes=\"(max-width: 1500px) 100vw, 1500px\" \/>\t\t\t\t\t\t\t\t\t\t\t\t\t<\/div>\n\t\t\t\t<\/div>\n\t\t\t\t\t<\/div>\n\t\t<\/div>\n\t\t\t\t\t<\/div>\n\t\t<\/section>\n\t\t\t\t<section class=\"elementor-section elementor-top-section elementor-element elementor-element-601eec60 elementor-reverse-mobile elementor-section-boxed elementor-section-height-default elementor-section-height-default\" data-id=\"601eec60\" data-element_type=\"section\" data-settings=\"{&quot;jet_parallax_layout_list&quot;:[{&quot;_id&quot;:&quot;a6f6cb6&quot;,&quot;jet_parallax_layout_image&quot;:{&quot;url&quot;:&quot;&quot;,&quot;id&quot;:&quot;&quot;,&quot;size&quot;:&quot;&quot;},&quot;jet_parallax_layout_image_widescreen&quot;:{&quot;url&quot;:&quot;&quot;,&quot;id&quot;:&quot;&quot;,&quot;size&quot;:&quot;&quot;},&quot;jet_parallax_layout_image_tablet&quot;:{&quot;url&quot;:&quot;&quot;,&quot;id&quot;:&quot;&quot;,&quot;size&quot;:&quot;&quot;},&quot;jet_parallax_layout_image_mobile&quot;:{&quot;url&quot;:&quot;&quot;,&quot;id&quot;:&quot;&quot;,&quot;size&quot;:&quot;&quot;},&quot;jet_parallax_layout_speed&quot;:{&quot;unit&quot;:&quot;%&quot;,&quot;size&quot;:50,&quot;sizes&quot;:[]},&quot;jet_parallax_layout_type&quot;:&quot;scroll&quot;,&quot;jet_parallax_layout_direction&quot;:null,&quot;jet_parallax_layout_fx_direction&quot;:null,&quot;jet_parallax_layout_z_index&quot;:&quot;&quot;,&quot;jet_parallax_layout_bg_x&quot;:50,&quot;jet_parallax_layout_bg_x_widescreen&quot;:&quot;&quot;,&quot;jet_parallax_layout_bg_x_tablet&quot;:&quot;&quot;,&quot;jet_parallax_layout_bg_x_mobile&quot;:&quot;&quot;,&quot;jet_parallax_layout_bg_y&quot;:50,&quot;jet_parallax_layout_bg_y_widescreen&quot;:&quot;&quot;,&quot;jet_parallax_layout_bg_y_tablet&quot;:&quot;&quot;,&quot;jet_parallax_layout_bg_y_mobile&quot;:&quot;&quot;,&quot;jet_parallax_layout_bg_size&quot;:&quot;auto&quot;,&quot;jet_parallax_layout_bg_size_widescreen&quot;:&quot;&quot;,&quot;jet_parallax_layout_bg_size_tablet&quot;:&quot;&quot;,&quot;jet_parallax_layout_bg_size_mobile&quot;:&quot;&quot;,&quot;jet_parallax_layout_animation_prop&quot;:&quot;transform&quot;,&quot;jet_parallax_layout_on&quot;:[&quot;desktop&quot;,&quot;tablet&quot;]}],&quot;background_background&quot;:&quot;classic&quot;}\">\n\t\t\t\t\t\t<div class=\"elementor-container elementor-column-gap-default\">\n\t\t\t\t\t<div class=\"elementor-column elementor-col-100 elementor-top-column elementor-element elementor-element-29672a5d\" data-id=\"29672a5d\" data-element_type=\"column\" data-settings=\"{&quot;background_background&quot;:&quot;classic&quot;}\">\n\t\t\t<div class=\"elementor-widget-wrap elementor-element-populated\">\n\t\t\t\t\t\t<div class=\"elementor-element elementor-element-4b2884ae elementor-widget elementor-widget-heading\" data-id=\"4b2884ae\" data-element_type=\"widget\" data-widget_type=\"heading.default\">\n\t\t\t\t<div class=\"elementor-widget-container\">\n\t\t\t<h2 class=\"elementor-heading-title elementor-size-default\">WEBINAR: Risparmio dei dipendenti - Incentivi, quale strategia adottare?<\/h2>\t\t<\/div>\n\t\t\t\t<\/div>\n\t\t\t\t<div class=\"elementor-element elementor-element-3ddaf0fc elementor-widget elementor-widget-heading\" data-id=\"3ddaf0fc\" data-element_type=\"widget\" data-widget_type=\"heading.default\">\n\t\t\t\t<div class=\"elementor-widget-container\">\n\t\t\t<h2 class=\"elementor-heading-title elementor-size-default\"><br>Gioved\u00ec 6 aprile 2023 | 14.00-14.45<br><br><\/h2>\t\t<\/div>\n\t\t\t\t<\/div>\n\t\t\t\t<div class=\"elementor-element elementor-element-1ddbfbee elementor-widget elementor-widget-text-editor\" data-id=\"1ddbfbee\" data-element_type=\"widget\" data-widget_type=\"text-editor.default\">\n\t\t\t\t<div class=\"elementor-widget-container\">\n\t\t\t\t\t\t\t<p><span style=\"font-family: Tahoma, Arial, Helvetica, sans-serif; letter-spacing: 0px;\">In questo webinar, RUFF &amp; ASSOCI\u00c9S, societ\u00e0 di consulenza e contabilit\u00e0, presenta le principali aree di discussione e i consigli pratici sulla <b>vostra strategia di partecipazione agli utili e di risparmio dei dipendenti<\/b>.<\/span><\/p>\n\t\t\t\t\t\t<\/div>\n\t\t\t\t<\/div>\n\t\t\t\t<div class=\"elementor-element elementor-element-60e34e3d elementor-widget elementor-widget-text-editor\" data-id=\"60e34e3d\" data-element_type=\"widget\" data-widget_type=\"text-editor.default\">\n\t\t\t\t<div class=\"elementor-widget-container\">\n\t\t\t\t\t\t\t<ul>\n \t<li>Quali sono i criteri per la <b>partecipazione agli utili<\/b>? Qual \u00e8 il quadro fiscale e sociale?<\/li>\n \t<li><b>Risparmi dei dipendenti<\/b>, chi \u00e8 interessato?<\/li>\n \t<li><b>Abondement e accordi aziendali<\/b>: opportunit\u00e0 e limiti?<\/li>\n \t<li>Come funziona il <b>PEI \/ PERECOI<\/b>? Posso <b>recuperare i miei risparmi<\/b>?<\/li>\n<\/ul>\t\t\t\t\t\t<\/div>\n\t\t\t\t<\/div>\n\t\t\t\t<div class=\"elementor-element elementor-element-167f5b2a elementor-widget elementor-widget-text-editor\" data-id=\"167f5b2a\" data-element_type=\"widget\" data-widget_type=\"text-editor.default\">\n\t\t\t\t<div class=\"elementor-widget-container\">\n\t\t\t\t\t\t\t<p><b>Val\u00e9rie DEVROE-ROY<\/b>, Partner Social \/ HR, <b>Sandrine AUBERTINAZ<\/b>, Partner PRESCIENCE CONSEILS, e <b>Herv\u00e9 DUHAMEL<\/b>, Direttore Regionale ERES, condivideranno con voi la loro esperienza e le loro raccomandazioni durante una discussione di 30 minuti seguita da una sessione di domande e risposte con i partecipanti.<\/p>\n\t\t\t\t\t\t<\/div>\n\t\t\t\t<\/div>\n\t\t\t\t\t<\/div>\n\t\t<\/div>\n\t\t\t\t\t<\/div>\n\t\t<\/section>\n\t\t\t\t<section class=\"elementor-section elementor-top-section elementor-element elementor-element-3c922c4c elementor-section-boxed elementor-section-height-default elementor-section-height-default\" data-id=\"3c922c4c\" data-element_type=\"section\" data-settings=\"{&quot;jet_parallax_layout_list&quot;:[]}\">\n\t\t\t\t\t\t<div class=\"elementor-container elementor-column-gap-default\">\n\t\t\t\t\t<div class=\"elementor-column elementor-col-100 elementor-top-column elementor-element elementor-element-58f39e7\" data-id=\"58f39e7\" data-element_type=\"column\">\n\t\t\t<div class=\"elementor-widget-wrap elementor-element-populated\">\n\t\t\t\t\t\t<div class=\"elementor-element elementor-element-403a41e elementor-widget elementor-widget-heading\" data-id=\"403a41e\" data-element_type=\"widget\" data-widget_type=\"heading.default\">\n\t\t\t\t<div class=\"elementor-widget-container\">\n\t\t\t<h2 class=\"elementor-heading-title elementor-size-default\">Guarda la replica del webinar qui<\/h2>\t\t<\/div>\n\t\t\t\t<\/div>\n\t\t\t\t\t<\/div>\n\t\t<\/div>\n\t\t\t\t\t<\/div>\n\t\t<\/section>\n\t\t\t\t<section class=\"elementor-section elementor-top-section elementor-element elementor-element-75eeb660 elementor-section-full_width elementor-section-height-default elementor-section-height-default\" data-id=\"75eeb660\" data-element_type=\"section\" data-settings=\"{&quot;background_background&quot;:&quot;classic&quot;,&quot;jet_parallax_layout_list&quot;:[{&quot;_id&quot;:&quot;b2084c1&quot;,&quot;jet_parallax_layout_image&quot;:{&quot;url&quot;:&quot;&quot;,&quot;id&quot;:&quot;&quot;,&quot;size&quot;:&quot;&quot;},&quot;jet_parallax_layout_image_widescreen&quot;:{&quot;url&quot;:&quot;&quot;,&quot;id&quot;:&quot;&quot;,&quot;size&quot;:&quot;&quot;},&quot;jet_parallax_layout_image_tablet&quot;:{&quot;url&quot;:&quot;&quot;,&quot;id&quot;:&quot;&quot;,&quot;size&quot;:&quot;&quot;},&quot;jet_parallax_layout_image_mobile&quot;:{&quot;url&quot;:&quot;&quot;,&quot;id&quot;:&quot;&quot;,&quot;size&quot;:&quot;&quot;},&quot;jet_parallax_layout_speed&quot;:{&quot;unit&quot;:&quot;%&quot;,&quot;size&quot;:50,&quot;sizes&quot;:[]},&quot;jet_parallax_layout_type&quot;:&quot;scroll&quot;,&quot;jet_parallax_layout_direction&quot;:null,&quot;jet_parallax_layout_fx_direction&quot;:null,&quot;jet_parallax_layout_z_index&quot;:&quot;&quot;,&quot;jet_parallax_layout_bg_x&quot;:50,&quot;jet_parallax_layout_bg_x_widescreen&quot;:&quot;&quot;,&quot;jet_parallax_layout_bg_x_tablet&quot;:&quot;&quot;,&quot;jet_parallax_layout_bg_x_mobile&quot;:&quot;&quot;,&quot;jet_parallax_layout_bg_y&quot;:50,&quot;jet_parallax_layout_bg_y_widescreen&quot;:&quot;&quot;,&quot;jet_parallax_layout_bg_y_tablet&quot;:&quot;&quot;,&quot;jet_parallax_layout_bg_y_mobile&quot;:&quot;&quot;,&quot;jet_parallax_layout_bg_size&quot;:&quot;auto&quot;,&quot;jet_parallax_layout_bg_size_widescreen&quot;:&quot;&quot;,&quot;jet_parallax_layout_bg_size_tablet&quot;:&quot;&quot;,&quot;jet_parallax_layout_bg_size_mobile&quot;:&quot;&quot;,&quot;jet_parallax_layout_animation_prop&quot;:&quot;transform&quot;,&quot;jet_parallax_layout_on&quot;:[&quot;desktop&quot;,&quot;tablet&quot;]}]}\">\n\t\t\t\t\t\t\t<div class=\"elementor-background-overlay\"><\/div>\n\t\t\t\t\t\t\t<div class=\"elementor-container elementor-column-gap-default\">\n\t\t\t\t\t<div class=\"elementor-column elementor-col-100 elementor-top-column elementor-element elementor-element-e9df493\" data-id=\"e9df493\" data-element_type=\"column\">\n\t\t\t<div class=\"elementor-widget-wrap elementor-element-populated\">\n\t\t\t\t\t\t<div class=\"elementor-element elementor-element-44d71e5c elementor-widget elementor-widget-heading\" data-id=\"44d71e5c\" data-element_type=\"widget\" data-widget_type=\"heading.default\">\n\t\t\t\t<div class=\"elementor-widget-container\">\n\t\t\t<h2 class=\"elementor-heading-title elementor-size-default\">Avete un'esigenza particolare?<\/h2>\t\t<\/div>\n\t\t\t\t<\/div>\n\t\t\t\t<div class=\"elementor-element elementor-element-1163b31b elementor-widget elementor-widget-text-editor\" data-id=\"1163b31b\" data-element_type=\"widget\" data-widget_type=\"text-editor.default\">\n\t\t\t\t<div class=\"elementor-widget-container\">\n\t\t\t\t\t\t\t<p>Oltre alle competenze tradizionali, Ruff &amp; Associ\u00e9s ha sviluppato un&#8217;ampia gamma di competenze. L&#8217;evoluzione della professione di commercialista e la crescente concorrenza sul mercato non fanno che rafforzare la nostra necessit\u00e0 di eccellere e di imparare ogni giorno di pi\u00f9. E se portassimo avanti questa ricerca insieme? Discutiamo dei vostri desideri pi\u00f9 sfrenati e portiamoli a compimento. Sia in Francia che all&#8217;estero, il supporto della nostra rete di partner \u00e8 una risorsa innegabile per il successo dei vostri progetti.<\/p>\n\t\t\t\t\t\t<\/div>\n\t\t\t\t<\/div>\n\t\t\t\t<div class=\"elementor-element elementor-element-7267c346 elementor-align-center elementor-mobile-align-center elementor-widget elementor-widget-button\" data-id=\"7267c346\" data-element_type=\"widget\" data-widget_type=\"button.default\">\n\t\t\t\t<div class=\"elementor-widget-container\">\n\t\t\t\t\t<div class=\"elementor-button-wrapper\">\n\t\t\t<a class=\"elementor-button elementor-button-link elementor-size-sm\" href=\"https:\/\/www.ruffetassocies.fr\/contact\">\n\t\t\t\t\t\t<span class=\"elementor-button-content-wrapper\">\n\t\t\t\t\t\t\t\t\t<span class=\"elementor-button-text\">Contattateci<\/span>\n\t\t\t\t\t<\/span>\n\t\t\t\t\t<\/a>\n\t\t<\/div>\n\t\t\t\t<\/div>\n\t\t\t\t<\/div>\n\t\t\t\t\t<\/div>\n\t\t<\/div>\n\t\t\t\t\t<\/div>\n\t\t<\/section>\n\t\t\t\t<\/div>\n\t\t","protected":false},"excerpt":{"rendered":"<p>Webinar &#8211; Risparmio dei dipendenti e partecipazione agli utili I programmi di partecipazione agli utili e di risparmio dei dipendenti consentono di condividere gli utili e i risultati dell&#8217;azienda e di accumulare risparmi a medio o lungo termine. Offrendo un&#8217;ampia gamma di vantaggi fiscali e previdenziali, questi programmi possono essere interessanti sia per i dipendenti [&hellip;]<\/p>\n","protected":false},"author":16,"featured_media":180624,"parent":0,"menu_order":0,"comment_status":"closed","ping_status":"closed","template":"","meta":{"_seopress_robots_primary_cat":"","_seopress_titles_title":"Webinar Ruff & Associ\u00e9s: Partecipazione agli utili e piani di risparmio dei dipendenti: quale strategia adottare?","_seopress_titles_desc":"RUFF & ASSOCI\u00c9S, societ\u00e0 di consulenza e contabilit\u00e0, vi invita a partecipare a un webinar interattivo durante il quale presenteremo le principali linee di pensiero e i consigli pratici relativi alla vostra strategia di partecipazione agli utili e di risparmio dei dipendenti.","_seopress_robots_index":"","content-type":"","footnotes":""},"_links":{"self":[{"href":"https:\/\/www.ruffetassocies.fr\/it\/wp-json\/wp\/v2\/pages\/181274"}],"collection":[{"href":"https:\/\/www.ruffetassocies.fr\/it\/wp-json\/wp\/v2\/pages"}],"about":[{"href":"https:\/\/www.ruffetassocies.fr\/it\/wp-json\/wp\/v2\/types\/page"}],"author":[{"embeddable":true,"href":"https:\/\/www.ruffetassocies.fr\/it\/wp-json\/wp\/v2\/users\/16"}],"replies":[{"embeddable":true,"href":"https:\/\/www.ruffetassocies.fr\/it\/wp-json\/wp\/v2\/comments?post=181274"}],"version-history":[{"count":1,"href":"https:\/\/www.ruffetassocies.fr\/it\/wp-json\/wp\/v2\/pages\/181274\/revisions"}],"predecessor-version":[{"id":181275,"href":"https:\/\/www.ruffetassocies.fr\/it\/wp-json\/wp\/v2\/pages\/181274\/revisions\/181275"}],"wp:featuredmedia":[{"embeddable":true,"href":"https:\/\/www.ruffetassocies.fr\/it\/wp-json\/wp\/v2\/media\/180624"}],"wp:attachment":[{"href":"https:\/\/www.ruffetassocies.fr\/it\/wp-json\/wp\/v2\/media?parent=181274"}],"curies":[{"name":"wp","href":"https:\/\/api.w.org\/{rel}","templated":true}]}}