{"id":181900,"date":"2023-10-26T10:16:51","date_gmt":"2023-10-26T08:16:51","guid":{"rendered":"https:\/\/www.ruffetassocies.fr\/iscrizione-wine-business-club-mouans-sartoux-nov-2023\/"},"modified":"2023-10-26T10:26:57","modified_gmt":"2023-10-26T08:26:57","slug":"iscrizione-wine-business-club-mouans-sartoux-nov-2023","status":"publish","type":"page","link":"https:\/\/www.ruffetassocies.fr\/it\/iscrizione-wine-business-club-mouans-sartoux-nov-2023\/","title":{"rendered":"Iscrizione &#8211; Wine Business Club Mouans-Sartoux &#8211; nov. 2023"},"content":{"rendered":"\t\t<div data-elementor-type=\"wp-page\" data-elementor-id=\"181900\" class=\"elementor elementor-181900 elementor-181880\" data-elementor-post-type=\"page\">\n\t\t\t\t\t\t<section class=\"elementor-section elementor-top-section elementor-element elementor-element-2dd2a115 elementor-section-height-min-height elementor-section-items-stretch elementor-section-content-bottom elementor-section-boxed elementor-section-height-default\" data-id=\"2dd2a115\" data-element_type=\"section\" data-settings=\"{&quot;jet_parallax_layout_list&quot;:[{&quot;_id&quot;:&quot;db1bbfd&quot;,&quot;jet_parallax_layout_image&quot;:{&quot;url&quot;:&quot;&quot;,&quot;id&quot;:&quot;&quot;,&quot;size&quot;:&quot;&quot;},&quot;jet_parallax_layout_image_widescreen&quot;:{&quot;url&quot;:&quot;&quot;,&quot;id&quot;:&quot;&quot;,&quot;size&quot;:&quot;&quot;},&quot;jet_parallax_layout_image_tablet&quot;:{&quot;url&quot;:&quot;&quot;,&quot;id&quot;:&quot;&quot;,&quot;size&quot;:&quot;&quot;},&quot;jet_parallax_layout_image_mobile&quot;:{&quot;url&quot;:&quot;&quot;,&quot;id&quot;:&quot;&quot;,&quot;size&quot;:&quot;&quot;},&quot;jet_parallax_layout_speed&quot;:{&quot;unit&quot;:&quot;%&quot;,&quot;size&quot;:50,&quot;sizes&quot;:[]},&quot;jet_parallax_layout_type&quot;:&quot;scroll&quot;,&quot;jet_parallax_layout_direction&quot;:null,&quot;jet_parallax_layout_fx_direction&quot;:null,&quot;jet_parallax_layout_z_index&quot;:&quot;&quot;,&quot;jet_parallax_layout_bg_x&quot;:50,&quot;jet_parallax_layout_bg_x_widescreen&quot;:&quot;&quot;,&quot;jet_parallax_layout_bg_x_tablet&quot;:&quot;&quot;,&quot;jet_parallax_layout_bg_x_mobile&quot;:&quot;&quot;,&quot;jet_parallax_layout_bg_y&quot;:50,&quot;jet_parallax_layout_bg_y_widescreen&quot;:&quot;&quot;,&quot;jet_parallax_layout_bg_y_tablet&quot;:&quot;&quot;,&quot;jet_parallax_layout_bg_y_mobile&quot;:&quot;&quot;,&quot;jet_parallax_layout_bg_size&quot;:&quot;auto&quot;,&quot;jet_parallax_layout_bg_size_widescreen&quot;:&quot;&quot;,&quot;jet_parallax_layout_bg_size_tablet&quot;:&quot;&quot;,&quot;jet_parallax_layout_bg_size_mobile&quot;:&quot;&quot;,&quot;jet_parallax_layout_animation_prop&quot;:&quot;transform&quot;,&quot;jet_parallax_layout_on&quot;:[&quot;desktop&quot;,&quot;tablet&quot;]}],&quot;background_background&quot;:&quot;classic&quot;,&quot;shape_divider_bottom&quot;:&quot;triangle-asymmetrical&quot;}\">\n\t\t\t\t\t<div class=\"elementor-shape elementor-shape-bottom\" data-negative=\"false\">\n\t\t\t<svg xmlns=\"http:\/\/www.w3.org\/2000\/svg\" viewBox=\"0 0 1000 100\" preserveAspectRatio=\"none\">\n\t<path class=\"elementor-shape-fill\" d=\"M738,99l262-93V0H0v5.6L738,99z\"\/>\n<\/svg>\t\t<\/div>\n\t\t\t\t\t<div class=\"elementor-container elementor-column-gap-no\">\n\t\t\t\t\t<div class=\"elementor-column elementor-col-50 elementor-top-column elementor-element elementor-element-4ab689b7\" data-id=\"4ab689b7\" data-element_type=\"column\" data-settings=\"{&quot;background_background&quot;:&quot;classic&quot;}\">\n\t\t\t<div class=\"elementor-widget-wrap elementor-element-populated\">\n\t\t\t\t\t\t<div class=\"elementor-element elementor-element-26de0432 elementor-invisible elementor-widget elementor-widget-heading\" data-id=\"26de0432\" data-element_type=\"widget\" data-settings=\"{&quot;_animation&quot;:&quot;fadeInLeft&quot;}\" data-widget_type=\"heading.default\">\n\t\t\t\t<div class=\"elementor-widget-container\">\n\t\t\t<h1 class=\"elementor-heading-title elementor-size-default\">Registrazione - Wine Business Club<\/h1>\t\t<\/div>\n\t\t\t\t<\/div>\n\t\t\t\t<div class=\"elementor-element elementor-element-27b275d7 elementor-widget elementor-widget-heading\" data-id=\"27b275d7\" data-element_type=\"widget\" data-widget_type=\"heading.default\">\n\t\t\t\t<div class=\"elementor-widget-container\">\n\t\t\t<h6 class=\"elementor-heading-title elementor-size-default\">L'evento avr\u00e0 luogo gioved\u00ec 30 novembre 2023 dalle 18.30 alle 21.00,  <br>presso il ristorante <i>Le bistrot di Bistrot et Traiteur, 900 Rte de Cannes, 06560 Valbonne<\/i><br><br>Per partecipare, \u00e8 necessario registrarsi utilizzando il modulo sottostante. A presto!<\/h6>\t\t<\/div>\n\t\t\t\t<\/div>\n\t\t\t\t\t<\/div>\n\t\t<\/div>\n\t\t\t\t<div class=\"elementor-column elementor-col-50 elementor-top-column elementor-element elementor-element-52681ecb\" data-id=\"52681ecb\" data-element_type=\"column\" data-settings=\"{&quot;background_background&quot;:&quot;classic&quot;}\">\n\t\t\t<div class=\"elementor-widget-wrap elementor-element-populated\">\n\t\t\t\t\t\t<div class=\"elementor-element elementor-element-5410fece elementor-widget elementor-widget-image\" data-id=\"5410fece\" data-element_type=\"widget\" data-widget_type=\"image.default\">\n\t\t\t\t<div class=\"elementor-widget-container\">\n\t\t\t\t\t\t\t\t\t\t\t\t\t<img fetchpriority=\"high\" decoding=\"async\" width=\"600\" height=\"300\" src=\"https:\/\/www.ruffetassocies.fr\/wp-content\/uploads\/2023\/10\/WBC-Mouans-sartoux.png\" class=\"attachment-full size-full wp-image-181882\" alt=\"Invitation au &quot;Wine Business Club&quot; \u00e0 Mouans-Sartoux le 30 novembre 2023 avec Ruff et Associ\u00e9s\" srcset=\"https:\/\/www.ruffetassocies.fr\/wp-content\/uploads\/2023\/10\/WBC-Mouans-sartoux.png 600w, https:\/\/www.ruffetassocies.fr\/wp-content\/uploads\/2023\/10\/WBC-Mouans-sartoux-300x150.png 300w\" sizes=\"(max-width: 600px) 100vw, 600px\" \/>\t\t\t\t\t\t\t\t\t\t\t\t\t<\/div>\n\t\t\t\t<\/div>\n\t\t\t\t\t<\/div>\n\t\t<\/div>\n\t\t\t\t\t<\/div>\n\t\t<\/section>\n\t\t\t\t<section class=\"elementor-section elementor-top-section elementor-element elementor-element-70da8232 elementor-reverse-mobile elementor-section-boxed elementor-section-height-default elementor-section-height-default\" data-id=\"70da8232\" data-element_type=\"section\" data-settings=\"{&quot;jet_parallax_layout_list&quot;:[{&quot;_id&quot;:&quot;a6f6cb6&quot;,&quot;jet_parallax_layout_image&quot;:{&quot;url&quot;:&quot;&quot;,&quot;id&quot;:&quot;&quot;,&quot;size&quot;:&quot;&quot;},&quot;jet_parallax_layout_image_widescreen&quot;:{&quot;url&quot;:&quot;&quot;,&quot;id&quot;:&quot;&quot;,&quot;size&quot;:&quot;&quot;},&quot;jet_parallax_layout_image_tablet&quot;:{&quot;url&quot;:&quot;&quot;,&quot;id&quot;:&quot;&quot;,&quot;size&quot;:&quot;&quot;},&quot;jet_parallax_layout_image_mobile&quot;:{&quot;url&quot;:&quot;&quot;,&quot;id&quot;:&quot;&quot;,&quot;size&quot;:&quot;&quot;},&quot;jet_parallax_layout_speed&quot;:{&quot;unit&quot;:&quot;%&quot;,&quot;size&quot;:50,&quot;sizes&quot;:[]},&quot;jet_parallax_layout_type&quot;:&quot;scroll&quot;,&quot;jet_parallax_layout_direction&quot;:null,&quot;jet_parallax_layout_fx_direction&quot;:null,&quot;jet_parallax_layout_z_index&quot;:&quot;&quot;,&quot;jet_parallax_layout_bg_x&quot;:50,&quot;jet_parallax_layout_bg_x_widescreen&quot;:&quot;&quot;,&quot;jet_parallax_layout_bg_x_tablet&quot;:&quot;&quot;,&quot;jet_parallax_layout_bg_x_mobile&quot;:&quot;&quot;,&quot;jet_parallax_layout_bg_y&quot;:50,&quot;jet_parallax_layout_bg_y_widescreen&quot;:&quot;&quot;,&quot;jet_parallax_layout_bg_y_tablet&quot;:&quot;&quot;,&quot;jet_parallax_layout_bg_y_mobile&quot;:&quot;&quot;,&quot;jet_parallax_layout_bg_size&quot;:&quot;auto&quot;,&quot;jet_parallax_layout_bg_size_widescreen&quot;:&quot;&quot;,&quot;jet_parallax_layout_bg_size_tablet&quot;:&quot;&quot;,&quot;jet_parallax_layout_bg_size_mobile&quot;:&quot;&quot;,&quot;jet_parallax_layout_animation_prop&quot;:&quot;transform&quot;,&quot;jet_parallax_layout_on&quot;:[&quot;desktop&quot;,&quot;tablet&quot;]}],&quot;background_background&quot;:&quot;classic&quot;}\">\n\t\t\t\t\t\t<div class=\"elementor-container elementor-column-gap-default\">\n\t\t\t\t\t<div class=\"elementor-column elementor-col-100 elementor-top-column elementor-element elementor-element-4761a38d\" data-id=\"4761a38d\" data-element_type=\"column\" data-settings=\"{&quot;background_background&quot;:&quot;classic&quot;}\">\n\t\t\t<div class=\"elementor-widget-wrap elementor-element-populated\">\n\t\t\t\t\t\t<div class=\"elementor-element elementor-element-7dab4bfd elementor-widget elementor-widget-heading\" data-id=\"7dab4bfd\" data-element_type=\"widget\" data-widget_type=\"heading.default\">\n\t\t\t\t<div class=\"elementor-widget-container\">\n\t\t\t<h2 class=\"elementor-heading-title elementor-size-default\"><b>Invito: Club del vino - Mouans-Sartoux<\/b><\/h2>\t\t<\/div>\n\t\t\t\t<\/div>\n\t\t\t\t<div class=\"elementor-element elementor-element-2ffd0ddd elementor-widget elementor-widget-heading\" data-id=\"2ffd0ddd\" data-element_type=\"widget\" data-widget_type=\"heading.default\">\n\t\t\t\t<div class=\"elementor-widget-container\">\n\t\t\t<h2 class=\"elementor-heading-title elementor-size-default\"><br>Gioved\u00ec 30 novembre 2023 | 18.30 - 21.00 (registrarsi utilizzando il modulo sottostante)<\/h2>\t\t<\/div>\n\t\t\t\t<\/div>\n\t\t\t\t<div class=\"elementor-element elementor-element-5a797106 elementor-widget elementor-widget-text-editor\" data-id=\"5a797106\" data-element_type=\"widget\" data-widget_type=\"text-editor.default\">\n\t\t\t\t<div class=\"elementor-widget-container\">\n\t\t\t\t\t\t\t<p><span style=\"font-family: Tahoma, sans-serif;\">RUFF &amp; ASSOCIES \u00e8 lieta di invitarvi al nostro prossimo evento<\/span><span style=\"font-family: Tahoma, sans-serif;\"> <\/span><span style=\"font-family: Tahoma, sans-serif; font-weight: bold;\">Club del vino d&#8217;affari<\/span><span style=\"font-family: Tahoma, sans-serif;\">Vi invitiamo ad unirvi a noi per una serata di degustazione di vini nell&#8217;ambito di un incontro amichevole con i leader del settore.<\/span><\/p>\n<p style=\"font-size: 14px; margin-right: 0px; margin-bottom: 1.5rem; margin-left: 0px; font-family: Montserrat, sans-serif; line-height: 17.5px;\"><span style=\"font-family: Tahoma, sans-serif;\"><span style=\"font-weight: bold; font-size: 16px;\">Data: gioved\u00ec 30 novembre 2023 dalle 18.30<br \/>Luogo: Le Bistrot by Bistrot et Traiteur, 900 Rte de Cannes, 06560 Valbonne<br \/><\/span><\/span><\/p>\n<p><span style=\"font-family: Tahoma, Arial, Helvetica, sans-serif; font-size: 16px;\"><span style=\"font-weight: bold;\">Si tratta di un invito personale<\/span> e si pu\u00f2 portare <span style=\"font-weight: bold;\">un ospite<\/span> che deve <span style=\"font-weight: bold;\">registrarsi individualmente<\/span>.<\/span><\/p>\n<p style=\"font-size: 14px; margin-right: 0px; margin-bottom: 1.5rem; margin-left: 0px; font-family: Montserrat, sans-serif;\"><span style=\"font-family: Tahoma, Arial, Helvetica, sans-serif; font-size: 16px;\">Per ulteriori informazioni, contattare <span style=\"font-weight: bold;\"><a style=\"cursor: pointer; font-family: Montserrat, sans-serif;\" href=\"mailto:events@ruffetassocies.com\">events@ruffetassocies.com<\/a><\/span><\/span><\/p>\n<p style=\"font-size: 14px; margin-right: 0px; margin-bottom: 1.5rem; margin-left: 0px; font-family: Montserrat, sans-serif;\"><span style=\"font-family: Tahoma, Arial, Helvetica, sans-serif; font-size: 16px;\">Vi aspettiamo il 30 novembre.<\/span><\/p>\n<p>Cordiali saluti<\/p>\n<p style=\"font-size: 14px; margin-right: 0px; margin-bottom: 1.5rem; margin-left: 0px; font-family: Montserrat, sans-serif;\"><span style=\"font-weight: bold; font-family: Tahoma, Arial, Helvetica, sans-serif; font-size: 16px;\">Il team RUFF &amp; ASSOCIES<\/span><\/p>\n\t\t\t\t\t\t<\/div>\n\t\t\t\t<\/div>\n\t\t\t\t\t<\/div>\n\t\t<\/div>\n\t\t\t\t\t<\/div>\n\t\t<\/section>\n\t\t\t\t<section class=\"elementor-section elementor-top-section elementor-element elementor-element-13287d7d elementor-section-boxed elementor-section-height-default elementor-section-height-default\" data-id=\"13287d7d\" data-element_type=\"section\" data-settings=\"{&quot;jet_parallax_layout_list&quot;:[]}\">\n\t\t\t\t\t\t<div class=\"elementor-container elementor-column-gap-default\">\n\t\t\t\t\t<div class=\"elementor-column elementor-col-100 elementor-top-column elementor-element elementor-element-47fdf99b\" data-id=\"47fdf99b\" data-element_type=\"column\">\n\t\t\t<div class=\"elementor-widget-wrap elementor-element-populated\">\n\t\t\t\t\t\t<div class=\"elementor-element elementor-element-2f3f381c elementor-widget elementor-widget-heading\" data-id=\"2f3f381c\" data-element_type=\"widget\" data-widget_type=\"heading.default\">\n\t\t\t\t<div class=\"elementor-widget-container\">\n\t\t\t<h2 class=\"elementor-heading-title elementor-size-default\">Desidero iscrivermi utilizzando il modulo sottostante<\/h2>\t\t<\/div>\n\t\t\t\t<\/div>\n\t\t\t\t<div class=\"elementor-element elementor-element-44a62e7a elementor-widget elementor-widget-html\" data-id=\"44a62e7a\" data-element_type=\"widget\" data-widget_type=\"html.default\">\n\t\t\t\t<div class=\"elementor-widget-container\">\n\t\t\t<script charset=\"utf-8\" type=\"text\/javascript\" src=\"\/\/js.hsforms.net\/forms\/embed\/v2.js\"><\/script><script>hbspt.forms.create({\n    region: \"na1\",\n    portalId: \"9318309\",\n    formId: \"3ca90578-0c88-4682-8eca-7a43fa913edc\"\n  });\n<\/script>\t\t<\/div>\n\t\t\t\t<\/div>\n\t\t\t\t\t<\/div>\n\t\t<\/div>\n\t\t\t\t\t<\/div>\n\t\t<\/section>\n\t\t\t\t<section class=\"elementor-section elementor-top-section elementor-element elementor-element-3d3e318c elementor-section-full_width elementor-section-height-default elementor-section-height-default\" data-id=\"3d3e318c\" data-element_type=\"section\" data-settings=\"{&quot;background_background&quot;:&quot;classic&quot;,&quot;jet_parallax_layout_list&quot;:[{&quot;_id&quot;:&quot;b2084c1&quot;,&quot;jet_parallax_layout_image&quot;:{&quot;url&quot;:&quot;&quot;,&quot;id&quot;:&quot;&quot;,&quot;size&quot;:&quot;&quot;},&quot;jet_parallax_layout_image_widescreen&quot;:{&quot;url&quot;:&quot;&quot;,&quot;id&quot;:&quot;&quot;,&quot;size&quot;:&quot;&quot;},&quot;jet_parallax_layout_image_tablet&quot;:{&quot;url&quot;:&quot;&quot;,&quot;id&quot;:&quot;&quot;,&quot;size&quot;:&quot;&quot;},&quot;jet_parallax_layout_image_mobile&quot;:{&quot;url&quot;:&quot;&quot;,&quot;id&quot;:&quot;&quot;,&quot;size&quot;:&quot;&quot;},&quot;jet_parallax_layout_speed&quot;:{&quot;unit&quot;:&quot;%&quot;,&quot;size&quot;:50,&quot;sizes&quot;:[]},&quot;jet_parallax_layout_type&quot;:&quot;scroll&quot;,&quot;jet_parallax_layout_direction&quot;:null,&quot;jet_parallax_layout_fx_direction&quot;:null,&quot;jet_parallax_layout_z_index&quot;:&quot;&quot;,&quot;jet_parallax_layout_bg_x&quot;:50,&quot;jet_parallax_layout_bg_x_widescreen&quot;:&quot;&quot;,&quot;jet_parallax_layout_bg_x_tablet&quot;:&quot;&quot;,&quot;jet_parallax_layout_bg_x_mobile&quot;:&quot;&quot;,&quot;jet_parallax_layout_bg_y&quot;:50,&quot;jet_parallax_layout_bg_y_widescreen&quot;:&quot;&quot;,&quot;jet_parallax_layout_bg_y_tablet&quot;:&quot;&quot;,&quot;jet_parallax_layout_bg_y_mobile&quot;:&quot;&quot;,&quot;jet_parallax_layout_bg_size&quot;:&quot;auto&quot;,&quot;jet_parallax_layout_bg_size_widescreen&quot;:&quot;&quot;,&quot;jet_parallax_layout_bg_size_tablet&quot;:&quot;&quot;,&quot;jet_parallax_layout_bg_size_mobile&quot;:&quot;&quot;,&quot;jet_parallax_layout_animation_prop&quot;:&quot;transform&quot;,&quot;jet_parallax_layout_on&quot;:[&quot;desktop&quot;,&quot;tablet&quot;]}]}\">\n\t\t\t\t\t\t\t<div class=\"elementor-background-overlay\"><\/div>\n\t\t\t\t\t\t\t<div class=\"elementor-container elementor-column-gap-default\">\n\t\t\t\t\t<div class=\"elementor-column elementor-col-100 elementor-top-column elementor-element elementor-element-3b17cf80\" data-id=\"3b17cf80\" data-element_type=\"column\">\n\t\t\t<div class=\"elementor-widget-wrap elementor-element-populated\">\n\t\t\t\t\t\t<div class=\"elementor-element elementor-element-7a9afdf1 elementor-widget elementor-widget-heading\" data-id=\"7a9afdf1\" data-element_type=\"widget\" data-widget_type=\"heading.default\">\n\t\t\t\t<div class=\"elementor-widget-container\">\n\t\t\t<h2 class=\"elementor-heading-title elementor-size-default\">Avete un'esigenza particolare?<\/h2>\t\t<\/div>\n\t\t\t\t<\/div>\n\t\t\t\t<div class=\"elementor-element elementor-element-2426ac0e elementor-widget elementor-widget-text-editor\" data-id=\"2426ac0e\" data-element_type=\"widget\" data-widget_type=\"text-editor.default\">\n\t\t\t\t<div class=\"elementor-widget-container\">\n\t\t\t\t\t\t\t<p>Oltre alle competenze tradizionali, Ruff &amp; Associ\u00e9s ha sviluppato un&#8217;ampia gamma di competenze. L&#8217;evoluzione della professione di commercialista e la crescente concorrenza sul mercato non fanno che rafforzare la nostra necessit\u00e0 di eccellere e di imparare ogni giorno di pi\u00f9. E se portassimo avanti questa ricerca insieme? Discutiamo dei vostri desideri pi\u00f9 sfrenati e portiamoli a compimento. Sia in Francia che all&#8217;estero, il supporto della nostra rete di partner \u00e8 una risorsa innegabile per il successo dei vostri progetti.<\/p>\n\t\t\t\t\t\t<\/div>\n\t\t\t\t<\/div>\n\t\t\t\t<div class=\"elementor-element elementor-element-12defcf8 elementor-align-center elementor-mobile-align-center elementor-widget elementor-widget-button\" data-id=\"12defcf8\" data-element_type=\"widget\" data-widget_type=\"button.default\">\n\t\t\t\t<div class=\"elementor-widget-container\">\n\t\t\t\t\t<div class=\"elementor-button-wrapper\">\n\t\t\t<a class=\"elementor-button elementor-button-link elementor-size-sm\" href=\"https:\/\/www.ruffetassocies.fr\/contact\">\n\t\t\t\t\t\t<span class=\"elementor-button-content-wrapper\">\n\t\t\t\t\t\t\t\t\t<span class=\"elementor-button-text\">Contattateci<\/span>\n\t\t\t\t\t<\/span>\n\t\t\t\t\t<\/a>\n\t\t<\/div>\n\t\t\t\t<\/div>\n\t\t\t\t<\/div>\n\t\t\t\t\t<\/div>\n\t\t<\/div>\n\t\t\t\t\t<\/div>\n\t\t<\/section>\n\t\t\t\t<\/div>\n\t\t","protected":false},"excerpt":{"rendered":"<p>Registrazione &#8211; Wine Business Club L&#8217;evento avr\u00e0 luogo gioved\u00ec 30 novembre 2023 dalle 18.30 alle 21.00, presso il ristorante Le bistrot di Bistrot et Traiteur, 900 Rte de Cannes, 06560 Valbonne Per partecipare, \u00e8 necessario registrarsi utilizzando il modulo sottostante. A presto! Invito: Club del vino &#8211; Mouans-Sartoux Gioved\u00ec 30 novembre 2023 | 18.30 &#8211; [&hellip;]<\/p>\n","protected":false},"author":17,"featured_media":0,"parent":0,"menu_order":0,"comment_status":"closed","ping_status":"closed","template":"","meta":{"_seopress_robots_primary_cat":"","_seopress_titles_title":"Registrazione - Inaugurazione della sede di Sophia Antipolis","_seopress_titles_desc":"","_seopress_robots_index":"","content-type":"","footnotes":""},"_links":{"self":[{"href":"https:\/\/www.ruffetassocies.fr\/it\/wp-json\/wp\/v2\/pages\/181900"}],"collection":[{"href":"https:\/\/www.ruffetassocies.fr\/it\/wp-json\/wp\/v2\/pages"}],"about":[{"href":"https:\/\/www.ruffetassocies.fr\/it\/wp-json\/wp\/v2\/types\/page"}],"author":[{"embeddable":true,"href":"https:\/\/www.ruffetassocies.fr\/it\/wp-json\/wp\/v2\/users\/17"}],"replies":[{"embeddable":true,"href":"https:\/\/www.ruffetassocies.fr\/it\/wp-json\/wp\/v2\/comments?post=181900"}],"version-history":[{"count":1,"href":"https:\/\/www.ruffetassocies.fr\/it\/wp-json\/wp\/v2\/pages\/181900\/revisions"}],"predecessor-version":[{"id":181901,"href":"https:\/\/www.ruffetassocies.fr\/it\/wp-json\/wp\/v2\/pages\/181900\/revisions\/181901"}],"wp:attachment":[{"href":"https:\/\/www.ruffetassocies.fr\/it\/wp-json\/wp\/v2\/media?parent=181900"}],"curies":[{"name":"wp","href":"https:\/\/api.w.org\/{rel}","templated":true}]}}